{"id":31760,"date":"2020-02-08T08:33:53","date_gmt":"2020-02-08T08:33:53","guid":{"rendered":"https:\/\/moonlight-lauf.de\/?page_id=31760"},"modified":"2020-04-20T10:00:46","modified_gmt":"2020-04-20T10:00:46","slug":"2008-2","status":"publish","type":"page","link":"https:\/\/moonlight-lauf.de\/index.php\/2008-2\/","title":{"rendered":"2008"},"content":{"rendered":"<div class=\"wpb-content-wrapper\">[vc_row][vc_column][vc_empty_space height=&#8221;120px&#8221;][vc_custom_heading text=&#8221;1. Moonlight-Lauf Wesel 2008&#8243; font_container=&#8221;tag:h2|text_align:center&#8221; google_fonts=&#8221;font_family:Open%20Sans%3A300%2C300italic%2Cregular%2Citalic%2C600%2C600italic%2C700%2C700italic%2C800%2C800italic|font_style:400%20regular%3A400%3Anormal&#8221; css_animation=&#8221;bounceInLeft&#8221;][vc_separator color=&#8221;violet&#8221;][\/vc_column][\/vc_row][vc_row][vc_column width=&#8221;1\/5&#8243;][\/vc_column][vc_column width=&#8221;1\/5&#8243;][\/vc_column][vc_column width=&#8221;1\/5&#8243;][\/vc_column][vc_column width=&#8221;1\/5&#8243;][vc_toggle title=&#8221;Ergebnisse&#8221;]<a href=\"https:\/\/moonlight-lauf.de\/wp-content\/uploads\/2020\/04\/Ergebnisse_Einlauf.pdf\" target=\"_blank\" rel=\"noopener noreferrer\"><span style=\"color: #ffffff;\">Zieleinlaufliste<\/span><\/a>[\/vc_toggle][\/vc_column][vc_column width=&#8221;1\/5&#8243;][\/vc_column][\/vc_row][vc_row content_placement=&#8221;middle&#8221;][vc_column][vc_empty_space height=&#8221;40px&#8221;][vc_column_text]\r\n<p style=\"text-align: center;\"><span style=\"color: #ffffff;\">Nach Fertigstellung der Beleuchtungsstrecke am Auesee 2007 organisierten die HADIs\r\nam<strong> 23. Februar den\u00a01. Moonlight-Lauf. <\/strong><\/span><\/p>\r\n<p style=\"text-align: center;\"><span style=\"color: #ffffff;\">Die Startgeb\u00fchren wurden f\u00fcr die Unterhaltung der Beleuchtungsanlage zur Verf\u00fcgung gestellt.<\/span><\/p>\r\n\r\n<div class=\"vc_row wpb_row vc_row-fluid mpc-row\" style=\"text-align: center;\">\r\n<div class=\"wpb_column vc_column_container vc_col-sm-12 mpc-column\" data-column-id=\"mpc_column-855e9d63ab70a0c\">\r\n<div class=\"vc_column-inner\">\r\n<div class=\"wpb_wrapper\">\r\n<h3 class=\"vc_custom_heading\"><span style=\"color: #ffffff;\">Hier die Sieger\/innen und Platzierten:<\/span><\/h3>\r\n<div class=\"vc_empty_space\"><\/div>\r\n<\/div>\r\n<\/div>\r\n<\/div>\r\n<\/div>\r\n<div class=\"vc_row wpb_row vc_row-fluid mpc-row\">\r\n<div class=\"wpb_column vc_column_container vc_col-sm-2 mpc-column\" style=\"text-align: center;\" data-column-id=\"mpc_column-695e9d63ab71854\">\r\n<div class=\"vc_column-inner\">\r\n<div class=\"wpb_wrapper\"><\/div>\r\n<\/div>\r\n<\/div>\r\n<div class=\"wpb_column vc_column_container vc_col-sm-4 mpc-column\" style=\"text-align: center;\" data-column-id=\"mpc_column-355e9d63ab72639\">\r\n<div class=\"vc_column-inner\">\r\n<div class=\"wpb_wrapper\">\r\n<div class=\"wpb_text_column wpb_content_element \">\r\n<div class=\"wpb_wrapper\">\r\n\r\n<span style=\"color: #ffffff;\">1. Thomas Bettger \/ 27:27 Hamminkelner SV<\/span>\r\n<span style=\"color: #ffffff;\">2. Ulrich Pollak \/ 27:29 (Wesel)<\/span>\r\n<span style=\"color: #ffffff;\">3. Klaus Bauer \/ 27:40 Lauftreff Wesel 130<\/span>\r\n<span style=\"color: #ffffff;\">4. Heinz Wilhelm Geffroy \/ 27:47 Marathon Dinslaken<\/span>\r\n<span style=\"color: #ffffff;\">5. Ron Franke \/ 28:20 Lauffreunde HADI Wesel<\/span>\r\n<span style=\"color: #ffffff;\">6. Helge Unsenos \/ 28:40 Lauffreunde HADI Wesel<\/span>\r\n\r\n<\/div>\r\n<\/div>\r\n<\/div>\r\n<\/div>\r\n<\/div>\r\n<div class=\"wpb_column vc_column_container vc_col-sm-4 mpc-column\" data-column-id=\"mpc_column-285e9d63ab72d09\">\r\n<div class=\"vc_column-inner\">\r\n<div class=\"wpb_wrapper\">\r\n<div class=\"wpb_text_column wpb_content_element \">\r\n<div class=\"wpb_wrapper\">\r\n<p style=\"text-align: center;\"><span style=\"color: #ffffff;\">1. Maren Hufe \/ 29:10 Triminator TV Voerde<\/span>\r\n<span style=\"color: #ffffff;\">2. Sabine Roeser \/ 31:21 Lauffreunde HADI Wesel<\/span>\r\n<span style=\"color: #ffffff;\">3. Selina Lehmann \/ 33:55 PSW Isseltal<\/span>\r\n<span style=\"color: #ffffff;\">4. Mira Hochstrat \/ 34:20 PSW Isseltal<\/span>\r\n<span style=\"color: #ffffff;\">5. Britta Sommer \/ 34:26 (Wesel)<\/span>\r\n<span style=\"color: #ffffff;\">6. Jacqueline Wolters \/ 35:31 (Wesel)<\/span><\/p>\r\n\r\n<\/div>\r\n<\/div>\r\n<\/div>\r\n<\/div>\r\n<\/div>\r\n<\/div>\r\n[\/vc_column_text][vc_empty_space height=&#8221;40px&#8221;][vc_separator color=&#8221;violet&#8221;][vc_empty_space height=&#8221;40px&#8221;][vc_custom_heading text=&#8221;Presseberichte:&#8221; font_container=&#8221;tag:h2|text_align:center&#8221; google_fonts=&#8221;font_family:Open%20Sans%3A300%2C300italic%2Cregular%2Citalic%2C600%2C600italic%2C700%2C700italic%2C800%2C800italic|font_style:400%20regular%3A400%3Anormal&#8221; css_animation=&#8221;bounceInLeft&#8221;][vc_empty_space height=&#8221;40px&#8221;][vc_row_inner][vc_column_inner width=&#8221;1\/4&#8243;][vc_single_image image=&#8221;33260&#8243; img_size=&#8221;large&#8221;][vc_column_text]RP-Foto: Ekkehart Malz[\/vc_column_text][\/vc_column_inner][vc_column_inner width=&#8221;3\/4&#8243;][vc_column_text]RP 25.02.2008 | <strong>G\u00e4nsehaut-Atmosph\u00e4re<\/strong>\r\n\r\n<b>Gelungene Premiere: 77 Teilnehmer starteten beim Moonlight-Jogging f\u00fcr den Unterhalt der Flutlichtstrecke am Auesee. <\/b>\r\n\r\n<em>(RP)<\/em> Gelungene Premiere auf der Flutlichtstrecke am Auesee: Das erste Moonlight-Jogging, das die Lauffreunde HADI Wesel und GW Fl\u00fcren am Samstagabend veranstalteten, war ein voller Erfolg. 77 Teilnehmer drehten zwei Runden \u00fcber den 3,6 Kilometer langen Weg \u00fcber die Halbinsel, der seit November mit 19 Flutlichtstrahlern ausgeleuchtet ist. \u201eDas war G\u00e4nsehaut-Atmosph\u00e4re\u201c, schw\u00e4rmte Thomas Wingerath vom Hamminkelner SV nach dem Lauf.\r\nAuch Organisator Dieter Klo\u00df war restlos begeistert, obwohl sein Traum von 100 Startern nicht in Erf\u00fcllung ging. \u201eEs war eine gelungene Veranstaltung mit einer famili\u00e4ren Atmosph\u00e4re \u2013 einfach toll\u201c, sagte Klo\u00df. Jeder L\u00e4ufer zahlte f\u00fcnf Euro Startgeld. Mit den Einnahmen von 385 Euro k\u00f6nnen die Stromkosten f\u00fcr ein Jahr finanziert werden. \u201eWir werden auch in Zukunft einmal im Jahr ein Rennen auf der Strecke f\u00fcr den Unterhalt der Anlage organisieren. Vielleicht versuchen wir auch einmal, einen Mitternachtslauf zu veranstalten\u201c, meinte Klo\u00df.\r\n\r\nDas Rennen \u00fcber 7,2 Kilometer gewann Thomas Bettger vom Hamminkelner SV in 27:27 Minuten vor Ulrich Pollak (Wesel, 27:29) und Klaus Bauer (Lauftreff Wesel, 27:40). Schnellste Frau war Mareen Hufe (TV Voerde) in 29:10 Minuten.[\/vc_column_text][\/vc_column_inner][\/vc_row_inner][vc_single_image image=&#8221;33265&#8243; img_size=&#8221;full&#8221; alignment=&#8221;center&#8221;][\/vc_column][\/vc_row][vc_row][vc_column][vc_empty_space height=&#8221;40px&#8221;][vc_separator color=&#8221;violet&#8221;][vc_empty_space height=&#8221;40px&#8221;][vc_column_text]<strong>Unser Spendenkonto<\/strong>:\r\n\r\nLauffreunde HADI Wesel e.V.\r\n\r\nIBAN: DE22 356 500 00 0000 253 336\r\n\r\nBIC: WELADED1WES[\/vc_column_text][\/vc_column][\/vc_row]<\/div>","protected":false},"excerpt":{"rendered":"<p>[vc_row][vc_column][vc_empty_space height=&#8221;120px&#8221;][vc_custom_heading text=&#8221;1. Moonlight-Lauf Wesel 2008&#8243; font_container=&#8221;tag:h2|text_align:center&#8221; google_fonts=&#8221;font_family:Open%20Sans%3A300%2C300italic%2Cregular%2Citalic%2C600%2C600italic%2C700%2C700italic%2C800%2C800italic|font_style:400%20regular%3A400%3Anormal&#8221; css_animation=&#8221;bounceInLeft&#8221;][vc_separator color=&#8221;violet&#8221;][\/vc_column][\/vc_row][vc_row][vc_column width=&#8221;1\/5&#8243;][\/vc_column][vc_column width=&#8221;1\/5&#8243;][\/vc_column][vc_column width=&#8221;1\/5&#8243;][\/vc_column][vc_column width=&#8221;1\/5&#8243;][vc_toggle title=&#8221;Ergebnisse&#8221;]Zieleinlaufliste[\/vc_toggle][\/vc_column][vc_column width=&#8221;1\/5&#8243;][\/vc_column][\/vc_row][vc_row content_placement=&#8221;middle&#8221;][vc_column][vc_empty_space height=&#8221;40px&#8221;][vc_column_text] Nach Fertigstellung der Beleuchtungsstrecke am Auesee 2007 organisierten die HADIs am 23. Februar den\u00a01. Moonlight-Lauf. Die Startgeb\u00fchren wurden f\u00fcr die Unterhaltung der Beleuchtungsanlage zur Verf\u00fcgung gestellt. Hier die Sieger\/innen und Platzierten: 1. Thomas Bettger \/ 27:27 Hamminkelner [&hellip;]<\/p>\n","protected":false},"author":1,"featured_media":0,"parent":0,"menu_order":0,"comment_status":"closed","ping_status":"closed","template":"","meta":{"advanced_seo_description":"","jetpack_seo_html_title":"","jetpack_seo_noindex":false,"footnotes":""},"class_list":["post-31760","page","type-page","status-publish","hentry"],"jetpack_sharing_enabled":true,"_links":{"self":[{"href":"https:\/\/moonlight-lauf.de\/index.php\/wp-json\/wp\/v2\/pages\/31760","targetHints":{"allow":["GET"]}}],"collection":[{"href":"https:\/\/moonlight-lauf.de\/index.php\/wp-json\/wp\/v2\/pages"}],"about":[{"href":"https:\/\/moonlight-lauf.de\/index.php\/wp-json\/wp\/v2\/types\/page"}],"author":[{"embeddable":true,"href":"https:\/\/moonlight-lauf.de\/index.php\/wp-json\/wp\/v2\/users\/1"}],"replies":[{"embeddable":true,"href":"https:\/\/moonlight-lauf.de\/index.php\/wp-json\/wp\/v2\/comments?post=31760"}],"version-history":[{"count":0,"href":"https:\/\/moonlight-lauf.de\/index.php\/wp-json\/wp\/v2\/pages\/31760\/revisions"}],"wp:attachment":[{"href":"https:\/\/moonlight-lauf.de\/index.php\/wp-json\/wp\/v2\/media?parent=31760"}],"curies":[{"name":"wp","href":"https:\/\/api.w.org\/{rel}","templated":true}]}}