{"id":30994,"date":"2020-01-27T12:15:22","date_gmt":"2020-01-27T12:15:22","guid":{"rendered":"https:\/\/moonlight-lauf.de\/?page_id=30994"},"modified":"2023-04-10T14:57:50","modified_gmt":"2023-04-10T14:57:50","slug":"datenschutz-und-cookie-richtlinien","status":"publish","type":"page","link":"https:\/\/moonlight-lauf.de\/index.php\/datenschutz-und-cookie-richtlinien\/","title":{"rendered":"Datenschutz- und Cookie-Richtlinien"},"content":{"rendered":"<div class=\"wpb-content-wrapper\">[vc_row][vc_column][vc_empty_space height=&#8221;150&#8243;][\/vc_column][\/vc_row][vc_row][vc_column][vc_column_text]\r\n\r\n<span style=\"color: #ffffff;\">Die Lauffreunde HADI Wesel e.V. verarbeitet in vielfacher Weise automatisiert personenbezogene Daten (z.B. im Rahmen der Vereinsverwaltung, der Organisation des Sportbetriebs, der \u00d6ffentlichkeitsarbeit des Vereins). Um die Vorgaben der EU-Datenschutz-Grundverordnung und des Bundesdatenschutzgesetzes zu erf\u00fcllen, Datenschutzverst\u00f6\u00dfe zu vermeiden und einen einheitlichen Umgang mit personenbezogenen Daten innerhalb des Vereins zu gew\u00e4hrleisten, gibt sich der Verein die nachfolgende Datenschutzordnung.<\/span>\r\n\r\n<span style=\"color: #ffffff;\">\u00a7 1 Allgemeines<\/span>\r\n\r\n<span style=\"color: #ffffff;\">Der Verein verarbeitet personenbezogene Daten u.a. von Mitgliedern, Teilnehmerinnen und Teilnehmern am Sport- und Kursbetrieb und Mitarbeiterinnen und Mitarbeitern sowohl automatisiert in EDV-Anlagen als auch nicht automatisiert in einem Dateisystem, z.B. in Form von ausgedruckten Listen. Dar\u00fcber hinaus werden personenbezogene Daten im Internet ver\u00f6ffentlicht und an Dritte weitergeleitet oder Dritten offengelegt. In all diesen F\u00e4llen ist die EU-Datenschutz-Grundverordnung, das Bundesdatenschutzgesetz und diese Datenschutzordnung durch alle Personen im Verein, die personenbezogene Daten verarbeiten, zu beachten.<\/span>\r\n\r\n<span style=\"color: #ffffff;\">\u00a7 2 Verarbeitung personenbezogener Daten der Mitglieder<\/span>\r\n\r\n<span style=\"color: #ffffff;\">1. Der Verein verarbeitet die Daten unterschiedlicher Kategorien von Personen. F\u00fcr jede Kategorie von betroffenen Personen wird im Verzeichnis der Verarbeitungst\u00e4tigkeiten ein Einzelblatt angelegt.<\/span>\r\n\r\n<span style=\"color: #ffffff;\">2. Im Rahmen des Mitgliedschaftsverh\u00e4ltnisses verarbeitet der Verein insbesondere die folgenden Daten der Mitglieder: Geschlecht, Vorname, Nachname, Anschrift (Stra\u00dfe, Hausnummer, Postleitzahl, Ort), Geburtsdatum, Datum des Vereinsbeitritts, Abteilungs- und ggf. Mannschaftszugeh\u00f6rigkeit, Bankverbindung, ggf. die Namen und Kontaktdaten der gesetzlichen Vertreter, Telefonnummern und E-Mail-Adressen, ggf. Funktion im Verein, ggf. Haushalts- und Familienzugeh\u00f6rigkeit bei Zuordnung zum Familienbeitrag.<\/span>\r\n\r\n<span style=\"color: #ffffff;\">3. Im Rahmen der Zugeh\u00f6rigkeit zu den Landesverb\u00e4nden, deren Sportarten im Verein betrieben werden, werden personenbezogene Daten der Mitglieder an diese weitergeleitet, soweit die Mitglieder eine Berechtigung zur Teilnahme am Wettkampfbetrieb der Verb\u00e4nde beantragen (z.B. Startpass, Spielerpass, Lizenz) und an solchen Veranstaltungen teilnehmen.<\/span>\r\n\r\n<span style=\"color: #ffffff;\">\u00a7 3 Datenverarbeitung im Rahmen der \u00d6ffentlichkeitsarbeit<\/span>\r\n\r\n<span style=\"color: #ffffff;\">1. Im Rahmen der \u00d6ffentlichkeitsarbeit \u00fcber Vereinsaktivit\u00e4ten werden personenbezogene Daten in Aush\u00e4ngen, in der Vereinszeitung und in Internetauftritten ver\u00f6ffentlicht und an die Presse weitergegeben.<\/span>\r\n\r\n<span style=\"color: #ffffff;\">2. Hierzu z\u00e4hlen insbesondere die Daten, die aus allgemein zug\u00e4nglichen Quellen stammen: Teilnehmer an sportlichen Veranstaltungen, Mannschaftsaufstellung, Ergebnisse, Torsch\u00fctzen, Alter oder Geburtsjahrgang.<\/span>\r\n\r\n<span style=\"color: #ffffff;\">3. Die Ver\u00f6ffentlichung von Fotos und Videos, die au\u00dferhalb \u00f6ffentlicher Veranstaltungen gemacht wurden, erfolgt ausschlie\u00dflich auf Grundlage einer Einwilligung der abgebildeten Personen.<\/span>\r\n\r\n<span style=\"color: #ffffff;\">4. Auf der Internetseite des Vereins werden die Daten der Mitglieder des Vorstands, der Abteilungsleiterinnen und Abteilungsleiter und der \u00dcbungsleiterinnen und \u00dcbungsleiter mit Vorname, Nachname, Funktion, E-Mail-Adresse und Telefonnummer ver\u00f6ffentlicht.<\/span>\r\n\r\n<span style=\"color: #ffffff;\">\u00a7 4 Zust\u00e4ndigkeiten f\u00fcr die Datenverarbeitung im Verein<\/span>\r\n\r\n<span style=\"color: #ffffff;\">Verantwortlich f\u00fcr die Einhaltung der datenschutzrechtlichen Vorgaben ist der Vorstand nach \u00a7 26 BGB. Funktional ist die Aufgabe dem Ressort Allgemeine Verwaltung (alt: z.B. dem Gesch\u00e4ftsf\u00fchrer) zugeordnet, soweit die Satzung oder diese Ordnung nicht etwas Abweichendes regelt.<\/span>\r\n\r\n<span style=\"color: #ffffff;\">Der Ressortleiter Allgemeine Verwaltung stellt sicher, dass Verzeichnisse der Verarbeitungst\u00e4tigkeiten nach Art. 30 DSGVO gef\u00fchrt und die Informationspflichten nach Art. 13 und 14 DSGVO erf\u00fcllt werden. Er ist f\u00fcr die Beantwortung von Auskunftsverlangen von betroffenen Personen zust\u00e4ndig.<\/span>\r\n\r\n<span style=\"color: #ffffff;\">\u00a7 5 Verwendung und Herausgabe von Mitgliederdaten und -listen<\/span>\r\n\r\n<span style=\"color: #ffffff;\">1. Listen von Mitgliedern oder Teilnehmern werden den jeweiligen Mitarbeiterinnen und Mitarbeitern im Verein (z.B. Vorstandsmitgliedern, Abteilungsleitern, \u00dcbungsleitern) insofern zur Verf\u00fcgung gestellt, wie es die jeweilige Aufgabenstellung erfordert. Beim Umfang der dabei verwendeten personenbezogenen Daten ist das Gebot der Datensparsamkeit zu beachten.<\/span>\r\n\r\n<span style=\"color: #ffffff;\">2. Personenbezogene Daten von Mitgliedern d\u00fcrfen an andere Vereinsmitglieder nur herausgegeben werden, wenn die Einwilligung der betroffenen Person vorliegt. Die Nutzung von Teilnehmerlisten, in die sich die Teilnehmer von Versammlungen und anderen Veranstaltungen zum Beispiel zum Nachweis der Anwesenheit eintragen, gilt nicht als eine solche Herausgabe.<\/span>\r\n\r\n<span style=\"color: #ffffff;\">3. Macht ein Mitglied glaubhaft, dass es eine Mitgliederliste zur Wahrnehmung satzungsgem\u00e4\u00dfer oder gesetzlicher Rechte ben\u00f6tigt (z.B. um die Einberufung einer Mitgliederversammlung im Rahmen des Minderheitenbegehrens zu beantragen), stellt der Vorstand eine Kopie der Mitgliederliste mit Vornamen, Nachnamen und Anschrift als Ausdruck oder als Datei zur Verf\u00fcgung. Das Mitglied, welches das Minderheitenbegehren initiiert, hat vorher eine Versicherung abzugeben, dass diese Daten ausschlie\u00dflich f\u00fcr diesen Zweck verwendet und nach der Verwendung vernichtet werden.<\/span>\r\n\r\n<span style=\"color: #ffffff;\">\u00a7 6 Kommunikation per E-Mail<\/span>\r\n\r\n<span style=\"color: #ffffff;\">1. F\u00fcr die Kommunikation per E-Mail richtet der Verein einen vereinseigenen E-Mail-Account ein, der im Rahmen der vereinsinternen Kommunikation ausschlie\u00dflich zu nutzen ist.<\/span>\r\n\r\n<span style=\"color: #ffffff;\">2. Beim Versand von E-Mails an eine Vielzahl von Personen, die nicht in einem st\u00e4ndigen Kontakt per E-Mail untereinander stehen und\/oder deren private E-Mail-Accounts verwendet werden, sind die E-Mail-Adressen als \u201ebcc\u201c zu versenden.<\/span>\r\n\r\n<span style=\"color: #ffffff;\">\u00a7 7 Verpflichtung auf die Vertraulichkeit<\/span>\r\n\r\n<span style=\"color: #ffffff;\">Alle Mitarbeiterinnen und Mitarbeiter im Verein, die Umgang mit personenbezogenen Daten haben (z.B. Mitglieder des Vorstands, Abteilungsleiterinnen und Abteilungsleiter, \u00dcbungsleiterinnen und \u00dcbungsleiter), sind auf den vertraulichen Umgang mit personenbezogenen Daten zu verpflichten.<\/span>\r\n\r\n<span style=\"color: #ffffff;\">\u00a7 8 Datenschutzbeauftragter<\/span>\r\n\r\n<span style=\"color: #ffffff;\">Da im Verein in der Regel mindestens 10 Personen st\u00e4ndig mit der automatisierten Verarbeitung personenbezogener Daten besch\u00e4ftigt sind, hat der Verein einen Datenschutzbeauftragten zu benennen. Die Auswahl und Benennung obliegt dem Vorstand nach \u00a7 26 BGB. Der Vorstand hat sicherzustellen, dass die benannte Person \u00fcber die erforderliche Fachkunde verf\u00fcgt. Vorrangig ist ein interner Datenschutzbeauftragter zu benennen. Ist aus den Reihen der Mitgliedschaft keine Person bereit, diese Funktion im Rahmen eines Ehrenamtes zu \u00fcbernehmen, hat der Vorstand nach \u00a7 26 BGB einen externen Datenschutzbeauftragten auf der Basis eines Dienstvertrages zu beauftragen.<\/span>\r\n\r\n<span style=\"color: #ffffff;\">Zurzeit ist bei den Lauffreunden HADI Wesel noch kein Datenschutzbeauftragter benannt, da die Pr\u00fcfung der Zust\u00e4ndigkeiten der Personen die mit personenbezogenen Daten umgehen, noch aussteht.<\/span>\r\n\r\n<span style=\"color: #ffffff;\">\u00a7 9 Einrichtung und Unterhaltung von Internetauftritten<\/span>\r\n\r\n<span style=\"color: #ffffff;\">1. Der Verein unterh\u00e4lt zentrale Auftritte f\u00fcr den Gesamtverein. Die Einrichtung und Unterhaltung von Auftritten im Internet obliegt dem Vorstand nach \u00a7 26 BGB. \u00c4nderungen d\u00fcrfen ausschlie\u00dflich durch den Vorstand und Administratoren vorgenommen werden.<\/span>\r\n\r\n<span style=\"color: #ffffff;\">2. Der Vorstand nach \u00a7 26 BGB ist f\u00fcr die Einhaltung der Datenschutzbestimmungen im Zusammenhang mit Online-Auftritten verantwortlich.<\/span>\r\n\r\n<span style=\"color: #ffffff;\">3. Abteilungen, Gruppen und Mannschaften bed\u00fcrfen f\u00fcr die Einrichtung eigener Internetauftritte (z.B. Homepage, Facebook, Twitter) der ausdr\u00fccklichen Genehmigung des Vorstand nach \u00a7 26 BGB. F\u00fcr den Betrieb eines Internetauftritts haben die Abteilungen, Gruppen und Mannschaften Verantwortliche zu benennen, denen gegen\u00fcber der Vorstand weisungsbefugt ist. Bei Verst\u00f6\u00dfen gegen datenschutzrechtliche Vorgaben und Missachtung von Weisungen, kann der Vorstand nach \u00a7 26 BGB die Genehmigung f\u00fcr den Betrieb eines Internetauftritts widerrufen. Die Entscheidung des Vorstands nach \u00a7 26 BGB ist unanfechtbar.<\/span>\r\n\r\n<span style=\"color: #ffffff;\">\u00a7 10 Verst\u00f6\u00dfe gegen datenschutzrechtliche Vorgaben und diese Ordnung<\/span>\r\n\r\n<span style=\"color: #ffffff;\">1. Alle Mitarbeiterinnen und Mitarbeiter des Vereins d\u00fcrfen nur im Rahmen ihrer jeweiligen Befugnisse Daten verarbeiten. Eine eigenm\u00e4chtige Datenerhebung, -nutzung oder \u2013weitergabe ist untersagt.<\/span>\r\n\r\n<span style=\"color: #ffffff;\">2. Verst\u00f6\u00dfe gegen allgemeine datenschutzrechtliche Vorgaben und insbesondere gegen diese Datenschutzordnung k\u00f6nnen gem\u00e4\u00df den Sanktionsmitteln, wie sie in der Satzung vorgesehen sind, geahndet werden.<\/span>\r\n\r\n<span style=\"color: #ffffff;\">\u00a7 11 Inkrafttreten<\/span>\r\n\r\n<span style=\"color: #ffffff;\">Diese Datenschutzordnung wurde durch den Gesamtvorstand des Vereins am 25.05.2018 beschlossen und tritt mit Ver\u00f6ffentlichung auf der Homepage des Vereins in Kraft.<\/span>\r\n\r\n&nbsp;\r\n<h2 class=\"n\"><span style=\"color: #ffffff;\">reCAPTCHA<\/span><\/h2>\r\n<p class=\"n\"><span style=\"color: #ffffff;\">Zum Schutz Ihrer Anfragen per Internetformular verwenden wir den Dienst reCAPTCHA des Unternehmens Google Inc. (Google). Die Abfrage dient der Unterscheidung, ob die Eingabe durch einen Menschen oder missbr\u00e4uchlich durch automatisierte, maschinelle Verarbeitung erfolgt. Die Abfrage schlie\u00dft den Versand der IP-Adresse und ggf. weiterer von Google f\u00fcr den Dienst reCAPTCHA ben\u00f6tigter Daten an Google ein. Zu diesem Zweck wird Ihre Eingabe an Google \u00fcbermittelt und dort weiter verwendet. Ihre IP-Adresse wird von Google jedoch innerhalb von Mitgliedstaaten der Europ\u00e4ischen Union oder in anderen Vertragsstaaten des Abkommens \u00fcber den Europ\u00e4ischen Wirtschaftsraum zuvor gek\u00fcrzt. Nur in Ausnahmef\u00e4llen wird die volle IP-Adresse an einen Server von Google in den USA \u00fcbertragen und dort gek\u00fcrzt. Im Auftrag des Betreibers dieser Website wird Google diese Informationen benutzen, um Ihre Nutzung dieses Dienstes auszuwerten. Die im Rahmen von reCaptcha von Ihrem Browser \u00fcbermittelte IP-Adresse wird nicht mit anderen Daten von Google zusammengef\u00fchrt. F\u00fcr diese Daten gelten die abweichenden Datenschutzbestimmungen des Unternehmens Google. Weitere Informationen zu den Datenschutzrichtlinien von Google finden Sie unter: <a style=\"color: #ffffff;\" href=\"https:\/\/policies.google.com\/privacy?hl=de\" target=\"_blank\" rel=\"noopener noreferrer\">https:\/\/policies.google.com\/privacy?hl=de<\/a><\/span><\/p>\r\n[\/vc_column_text][\/vc_column][\/vc_row][vc_row][vc_column][vc_empty_space height=&#8221;40px&#8221;][vc_column_text]\r\n<div class=\"cli_pg_page_contaner\">\r\n<h3><span style=\"color: #ffffff;\">\u00dcber diese Cookie-Richtlinie<\/span><\/h3>\r\n<div>\r\n\r\n<span style=\"color: #ffffff;\">Diese Cookie-Richtlinien erl\u00e4utern, was Cookies sind und wie wir sie verwenden. Sie sollten diese Richtlinie lesen, um zu verstehen, was Cookies sind, wie wir sie verwenden, welche Arten von Cookies wir verwenden, welche Informationen wir mit Cookies sammeln und wie diese Informationen verwendet werden und wie die Cookie-Einstellungen gesteuert werden. Weitere Informationen dar\u00fcber, wie wir Ihre pers\u00f6nlichen Daten verwenden, speichern und sch\u00fctzen, finden Sie in unseren Datenschutzbestimmungen.<\/span>\r\n\r\n<span style=\"color: #ffffff;\">Sie k\u00f6nnen Ihre Einwilligung in die Cookie-Erkl\u00e4rung auf unserer Website jederzeit \u00e4ndern oder widerrufen.<\/span>\r\n\r\n<span style=\"color: #ffffff;\">Erfahren Sie in unseren Datenschutzbestimmungen, wer wir sind, wie Sie mit uns in Kontakt treten k\u00f6nnen und wie wir personenbezogene Daten verarbeiten.<\/span>\r\n\r\n<span style=\"color: #ffffff;\">Ihre Einwilligung gilt f\u00fcr folgende Domains: www.moonlight-lauf-wesel.de<\/span>\r\n\r\n<\/div>\r\n<h3><span style=\"color: #ffffff;\">Was sind Cookies?<\/span><\/h3>\r\n<div>\r\n\r\n<span style=\"color: #ffffff;\">Cookies sind kleine Textdateien, in denen kleine Informationen gespeichert werden. Die Cookies werden auf Ihrem Ger\u00e4t gespeichert, wenn die Website in Ihren Browser geladen wird. Diese Cookies helfen uns dabei, die Website ordnungsgem\u00e4\u00df zu betreiben, die Website sicherer zu machen, ein besseres Nutzererlebnis zu bieten, die Leistung der Website zu verstehen und zu analysieren, was funktioniert und wo Verbesserungen erforderlich sind.<\/span>\r\n\r\n<\/div>\r\n<h3><span style=\"color: #ffffff;\">Wie verwenden wir Cookies?<\/span><\/h3>\r\n<div>\r\n\r\n<span style=\"color: #ffffff;\">Wie die meisten Online-Dienste verwendet unsere Website Cookies von Erstanbietern und Drittanbietern f\u00fcr eine Reihe von Zwecken. Die Erstanbieter-Cookies sind in der Regel erforderlich, damit die Website ordnungsgem\u00e4\u00df funktioniert, und erfassen keine Ihrer personenbezogenen Daten.<\/span>\r\n\r\n<span style=\"color: #ffffff;\">Die Cookies von Drittanbietern, die auf unseren Websites verwendet werden, dienen in erster Linie dazu, die Leistung der Website, die Interaktion mit unserer Website, die Sicherheit unserer Dienste, die Bereitstellung von f\u00fcr Sie relevanten Werbeanzeigen und die Verbesserung Ihrer Leistung zu verstehen Nutzererfahrung und beschleunigen Sie Ihre zuk\u00fcnftigen Interaktionen mit unserer Website.<\/span>\r\n\r\n<\/div>\r\n<h3><span style=\"color: #ffffff;\">Welche Arten von Cookies verwenden wir?<\/span><\/h3>\r\n<div>\r\n\r\n<span style=\"color: #ffffff;\">Wichtig: Einige Cookies sind wichtig, damit Sie die volle Funktionalit\u00e4t unserer Website nutzen k\u00f6nnen. Sie erm\u00f6glichen es uns, Benutzersitzungen aufrechtzuerhalten und Sicherheitsbedrohungen vorzubeugen. Sie sammeln oder speichern keine pers\u00f6nlichen Daten. Mit diesen Cookies k\u00f6nnen Sie sich beispielsweise in Ihr Konto einloggen, Produkte in Ihren Warenkorb legen und sicher bezahlen.<\/span>\r\n\r\n<span style=\"color: #ffffff;\">Statistiken: Diese Cookies speichern Informationen wie die Anzahl der Besucher der Website, die Anzahl der eindeutigen Besucher, die besuchten Seiten der Website, die Quelle des Besuchs usw. Diese Daten helfen uns zu verstehen und zu analysieren, wie gut die Website funktioniert und wo es verbesserungsbed\u00fcrftig ist.<\/span>\r\n\r\n<span style=\"color: #ffffff;\">Marketing: Auf unserer Website werden Anzeigen geschaltet. Diese Cookies werden verwendet, um die Werbung, die wir Ihnen zeigen, so zu personalisieren, dass sie f\u00fcr Sie von Bedeutung ist. Diese Cookies helfen uns auch dabei, die Effizienz dieser Werbekampagnen im Auge zu behalten.<\/span>\r\n\r\n<span style=\"color: #ffffff;\">Die in diesen Cookies gespeicherten Informationen k\u00f6nnen auch von Drittanbietern verwendet werden, um Ihnen Anzeigen auf anderen Websites im Browser zu schalten.<\/span>\r\n\r\n<span style=\"color: #ffffff;\">Funktional: Dies sind die Cookies, die bestimmte nicht wesentliche Funktionen auf unserer Website unterst\u00fctzen. Diese Funktionen umfassen das Einbetten von Inhalten wie Videos oder das Teilen von Inhalten auf der Website auf Social Media-Plattformen.<\/span>\r\n\r\n<span style=\"color: #ffffff;\">Einstellungen: Diese Cookies helfen uns, Ihre Einstellungen und Browsing-Einstellungen wie Spracheinstellungen zu speichern, damit Sie bei zuk\u00fcnftigen Besuchen der Website ein besseres und effizienteres Erlebnis haben.<\/span>\r\n\r\n<span style=\"color: #ffffff;\"><\/span>\r\n\r\n<\/div>\r\n<h3><span style=\"color: #ffffff;\">Wie kann ich die Cookie-Einstellungen steuern?<\/span><\/h3>\r\n<div>\r\n\r\n<span style=\"color: #ffffff;\">Wenn Sie Ihre Einstellungen sp\u00e4ter w\u00e4hrend Ihrer Browsersitzung \u00e4ndern m\u00f6chten, k\u00f6nnen Sie auf Ihrem Bildschirm auf die Registerkarte &#8220;Datenschutz- und Cookie-Richtlinien&#8221; klicken. Daraufhin wird erneut der Zustimmungshinweis angezeigt, mit dem Sie Ihre Einstellungen \u00e4ndern oder Ihre Zustimmung vollst\u00e4ndig widerrufen k\u00f6nnen.<\/span>\r\n\r\n<span style=\"color: #ffffff;\">Dar\u00fcber hinaus bieten verschiedene Browser unterschiedliche Methoden zum Blockieren und L\u00f6schen von Cookies, die von Websites verwendet werden. Sie k\u00f6nnen die Einstellungen Ihres Browsers so \u00e4ndern, dass Cookies blockiert \/ gel\u00f6scht werden. Weitere Informationen zum Verwalten und L\u00f6schen von Cookies finden Sie unter<\/span>\r\n\r\n<span style=\"color: #ffffff;\"><a style=\"color: #ffffff;\" href=\"https:\/\/en.wikipedia.org\/wiki\/HTTP_cookie\" target=\"_blank\" rel=\"nofollow noopener noreferrer\">wikipedia.org<\/a>, <a style=\"color: #ffffff;\" href=\"http:\/\/www.allaboutcookies.org\/\" target=\"_blank\" rel=\"nofollow noopener noreferrer\">www.allaboutcookies.org.<\/a><\/span>\r\n\r\n<\/div>\r\n<\/div>\r\n<span style=\"color: #ffffff;\">[\/vc_column_text][\/vc_column][\/vc_row][vc_row][vc_column][vc_column_text]<\/span>[\/vc_column_text][\/vc_column][\/vc_row]<\/div>","protected":false},"excerpt":{"rendered":"<p>[vc_row][vc_column][vc_empty_space height=&#8221;150&#8243;][\/vc_column][\/vc_row][vc_row][vc_column][vc_column_text] Die Lauffreunde HADI Wesel e.V. verarbeitet in vielfacher Weise automatisiert personenbezogene Daten (z.B. im Rahmen der Vereinsverwaltung, der Organisation des Sportbetriebs, der \u00d6ffentlichkeitsarbeit des Vereins). Um die Vorgaben der EU-Datenschutz-Grundverordnung und des Bundesdatenschutzgesetzes zu erf\u00fcllen, Datenschutzverst\u00f6\u00dfe zu vermeiden und einen einheitlichen Umgang mit personenbezogenen Daten innerhalb des Vereins zu gew\u00e4hrleisten, gibt sich der [&hellip;]<\/p>\n","protected":false},"author":1,"featured_media":0,"parent":0,"menu_order":0,"comment_status":"closed","ping_status":"closed","template":"","meta":{"advanced_seo_description":"","jetpack_seo_html_title":"","jetpack_seo_noindex":false,"footnotes":""},"class_list":["post-30994","page","type-page","status-publish","hentry"],"jetpack_sharing_enabled":true,"_links":{"self":[{"href":"https:\/\/moonlight-lauf.de\/index.php\/wp-json\/wp\/v2\/pages\/30994","targetHints":{"allow":["GET"]}}],"collection":[{"href":"https:\/\/moonlight-lauf.de\/index.php\/wp-json\/wp\/v2\/pages"}],"about":[{"href":"https:\/\/moonlight-lauf.de\/index.php\/wp-json\/wp\/v2\/types\/page"}],"author":[{"embeddable":true,"href":"https:\/\/moonlight-lauf.de\/index.php\/wp-json\/wp\/v2\/users\/1"}],"replies":[{"embeddable":true,"href":"https:\/\/moonlight-lauf.de\/index.php\/wp-json\/wp\/v2\/comments?post=30994"}],"version-history":[{"count":0,"href":"https:\/\/moonlight-lauf.de\/index.php\/wp-json\/wp\/v2\/pages\/30994\/revisions"}],"wp:attachment":[{"href":"https:\/\/moonlight-lauf.de\/index.php\/wp-json\/wp\/v2\/media?parent=30994"}],"curies":[{"name":"wp","href":"https:\/\/api.w.org\/{rel}","templated":true}]}}